{"id":506,"date":"2025-11-13T14:53:18","date_gmt":"2025-11-13T13:53:18","guid":{"rendered":"https:\/\/kochstrasse.agency\/neuro-employer-branding\/?page_id=506"},"modified":"2025-12-04T09:07:36","modified_gmt":"2025-12-04T08:07:36","slug":"startseite-neu","status":"publish","type":"page","link":"https:\/\/kochstrasse.agency\/neuro-employer-branding\/","title":{"rendered":"Startseite (Neu)"},"content":{"rendered":"","protected":false},"excerpt":{"rendered":"","protected":false},"author":1,"featured_media":0,"parent":0,"menu_order":0,"comment_status":"closed","ping_status":"open","template":"templates\/startseite-neu.php","meta":{"_acf_changed":false,"footnotes":""},"class_list":["post-506","page","type-page","status-publish","hentry"],"acf":[],"yoast_head":"<!-- This site is optimized with the Yoast SEO plugin v26.8 - https:\/\/yoast.com\/product\/yoast-seo-wordpress\/ -->\n<title>Neuro Employer Branding<\/title>\n<meta name=\"description\" content=\"Wenn Talente nicht bleiben, Kultur sich leer anf\u00fchlt und Recruiting nur noch Stress ist \u2013 liegt\u2019s selten am Markt. Meistens liegt\u2019s daran, dass eure Marke nichts mehr im Kopf ausl\u00f6st.Darum verbinden wir Neurowissenschaften mit herausragender Kreativit\u00e4t zu Neuro Employer Branding. F\u00fcr Arbeitgebermarken, die anziehen, halten \u2013 und vorw\u00e4rts bringen.\" \/>\n<meta name=\"robots\" content=\"index, follow, max-snippet:-1, max-image-preview:large, max-video-preview:-1\" \/>\n<link rel=\"canonical\" href=\"https:\/\/kochstrasse.agency\/neuro-employer-branding\/\" \/>\n<meta property=\"og:locale\" content=\"de_DE\" \/>\n<meta property=\"og:type\" content=\"article\" \/>\n<meta property=\"og:title\" content=\"Endlich Employ-yippie-yeah!\" \/>\n<meta property=\"og:description\" content=\"Neuro Employer Branding: Der Gamechanger f\u00fcr Arbeitgebermarken \u2013 Endlich zukunftssicher dank neurowissenschaftlicher Insights f\u00fcr Employer Branding, Recruitment und Media. Die besten Talente gewinnen und halten \u2013 Employ-yippie-yeah mit der 100\u202f% Komplettl\u00f6sung!\" \/>\n<meta property=\"og:url\" content=\"https:\/\/kochstrasse.agency\/neuro-employer-branding\/\" \/>\n<meta property=\"og:site_name\" content=\"Neuro Employer Branding\" \/>\n<meta property=\"article:modified_time\" content=\"2025-12-04T08:07:36+00:00\" \/>\n<meta property=\"og:image\" content=\"https:\/\/kochstrasse.agency\/neuro-employer-branding\/wp-content\/uploads\/sites\/12\/2024\/11\/neb-update-2024-final-1200x630.jpg\" \/>\n\t<meta property=\"og:image:width\" content=\"1200\" \/>\n\t<meta property=\"og:image:height\" content=\"630\" \/>\n\t<meta property=\"og:image:type\" content=\"image\/jpeg\" \/>\n<meta name=\"twitter:card\" content=\"summary_large_image\" \/>\n<meta name=\"twitter:label1\" content=\"Gesch\u00e4tzte Lesezeit\" \/>\n\t<meta name=\"twitter:data1\" content=\"14\u00a0Minuten\" \/>\n<script type=\"application\/ld+json\" class=\"yoast-schema-graph\">{\"@context\":\"https:\/\/schema.org\",\"@graph\":[{\"@type\":\"WebPage\",\"@id\":\"https:\/\/kochstrasse.agency\/neuro-employer-branding\/\",\"url\":\"https:\/\/kochstrasse.agency\/neuro-employer-branding\/\",\"name\":\"Neuro Employer Branding\",\"isPartOf\":{\"@id\":\"https:\/\/kochstrasse.agency\/neuro-employer-branding\/#website\"},\"datePublished\":\"2025-11-13T13:53:18+00:00\",\"dateModified\":\"2025-12-04T08:07:36+00:00\",\"description\":\"Wenn Talente nicht bleiben, Kultur sich leer anf\u00fchlt und Recruiting nur noch Stress ist \u2013 liegt\u2019s selten am Markt. Meistens liegt\u2019s daran, dass eure Marke nichts mehr im Kopf ausl\u00f6st.Darum verbinden wir Neurowissenschaften mit herausragender Kreativit\u00e4t zu Neuro Employer Branding. F\u00fcr Arbeitgebermarken, die anziehen, halten \u2013 und vorw\u00e4rts bringen.\",\"breadcrumb\":{\"@id\":\"https:\/\/kochstrasse.agency\/neuro-employer-branding\/#breadcrumb\"},\"inLanguage\":\"de\",\"potentialAction\":[{\"@type\":\"ReadAction\",\"target\":[\"https:\/\/kochstrasse.agency\/neuro-employer-branding\/\"]}]},{\"@type\":\"BreadcrumbList\",\"@id\":\"https:\/\/kochstrasse.agency\/neuro-employer-branding\/#breadcrumb\",\"itemListElement\":[{\"@type\":\"ListItem\",\"position\":1,\"name\":\"Startseite\",\"item\":\"https:\/\/kochstrasse.agency\/neuro-employer-branding\/\"},{\"@type\":\"ListItem\",\"position\":2,\"name\":\"Startseite (Neu)\"}]},{\"@type\":\"WebSite\",\"@id\":\"https:\/\/kochstrasse.agency\/neuro-employer-branding\/#website\",\"url\":\"https:\/\/kochstrasse.agency\/neuro-employer-branding\/\",\"name\":\"Neuro Employer Branding\",\"description\":\"\",\"potentialAction\":[{\"@type\":\"SearchAction\",\"target\":{\"@type\":\"EntryPoint\",\"urlTemplate\":\"https:\/\/kochstrasse.agency\/neuro-employer-branding\/?s={search_term_string}\"},\"query-input\":{\"@type\":\"PropertyValueSpecification\",\"valueRequired\":true,\"valueName\":\"search_term_string\"}}],\"inLanguage\":\"de\"}]}<\/script>\n<!-- \/ Yoast SEO plugin. -->","yoast_head_json":{"title":"Neuro Employer Branding","description":"Wenn Talente nicht bleiben, Kultur sich leer anf\u00fchlt und Recruiting nur noch Stress ist \u2013 liegt\u2019s selten am Markt. Meistens liegt\u2019s daran, dass eure Marke nichts mehr im Kopf ausl\u00f6st.Darum verbinden wir Neurowissenschaften mit herausragender Kreativit\u00e4t zu Neuro Employer Branding. F\u00fcr Arbeitgebermarken, die anziehen, halten \u2013 und vorw\u00e4rts bringen.","robots":{"index":"index","follow":"follow","max-snippet":"max-snippet:-1","max-image-preview":"max-image-preview:large","max-video-preview":"max-video-preview:-1"},"canonical":"https:\/\/kochstrasse.agency\/neuro-employer-branding\/","og_locale":"de_DE","og_type":"article","og_title":"Endlich Employ-yippie-yeah!","og_description":"Neuro Employer Branding: Der Gamechanger f\u00fcr Arbeitgebermarken \u2013 Endlich zukunftssicher dank neurowissenschaftlicher Insights f\u00fcr Employer Branding, Recruitment und Media. Die besten Talente gewinnen und halten \u2013 Employ-yippie-yeah mit der 100\u202f% Komplettl\u00f6sung!","og_url":"https:\/\/kochstrasse.agency\/neuro-employer-branding\/","og_site_name":"Neuro Employer Branding","article_modified_time":"2025-12-04T08:07:36+00:00","og_image":[{"width":1200,"height":630,"url":"https:\/\/kochstrasse.agency\/neuro-employer-branding\/wp-content\/uploads\/sites\/12\/2024\/11\/neb-update-2024-final-1200x630.jpg","type":"image\/jpeg"}],"twitter_card":"summary_large_image","twitter_misc":{"Gesch\u00e4tzte Lesezeit":"14\u00a0Minuten"},"schema":{"@context":"https:\/\/schema.org","@graph":[{"@type":"WebPage","@id":"https:\/\/kochstrasse.agency\/neuro-employer-branding\/","url":"https:\/\/kochstrasse.agency\/neuro-employer-branding\/","name":"Neuro Employer Branding","isPartOf":{"@id":"https:\/\/kochstrasse.agency\/neuro-employer-branding\/#website"},"datePublished":"2025-11-13T13:53:18+00:00","dateModified":"2025-12-04T08:07:36+00:00","description":"Wenn Talente nicht bleiben, Kultur sich leer anf\u00fchlt und Recruiting nur noch Stress ist \u2013 liegt\u2019s selten am Markt. Meistens liegt\u2019s daran, dass eure Marke nichts mehr im Kopf ausl\u00f6st.Darum verbinden wir Neurowissenschaften mit herausragender Kreativit\u00e4t zu Neuro Employer Branding. F\u00fcr Arbeitgebermarken, die anziehen, halten \u2013 und vorw\u00e4rts bringen.","breadcrumb":{"@id":"https:\/\/kochstrasse.agency\/neuro-employer-branding\/#breadcrumb"},"inLanguage":"de","potentialAction":[{"@type":"ReadAction","target":["https:\/\/kochstrasse.agency\/neuro-employer-branding\/"]}]},{"@type":"BreadcrumbList","@id":"https:\/\/kochstrasse.agency\/neuro-employer-branding\/#breadcrumb","itemListElement":[{"@type":"ListItem","position":1,"name":"Startseite","item":"https:\/\/kochstrasse.agency\/neuro-employer-branding\/"},{"@type":"ListItem","position":2,"name":"Startseite (Neu)"}]},{"@type":"WebSite","@id":"https:\/\/kochstrasse.agency\/neuro-employer-branding\/#website","url":"https:\/\/kochstrasse.agency\/neuro-employer-branding\/","name":"Neuro Employer Branding","description":"","potentialAction":[{"@type":"SearchAction","target":{"@type":"EntryPoint","urlTemplate":"https:\/\/kochstrasse.agency\/neuro-employer-branding\/?s={search_term_string}"},"query-input":{"@type":"PropertyValueSpecification","valueRequired":true,"valueName":"search_term_string"}}],"inLanguage":"de"}]}},"_links":{"self":[{"href":"https:\/\/kochstrasse.agency\/neuro-employer-branding\/wp-json\/wp\/v2\/pages\/506","targetHints":{"allow":["GET"]}}],"collection":[{"href":"https:\/\/kochstrasse.agency\/neuro-employer-branding\/wp-json\/wp\/v2\/pages"}],"about":[{"href":"https:\/\/kochstrasse.agency\/neuro-employer-branding\/wp-json\/wp\/v2\/types\/page"}],"author":[{"embeddable":true,"href":"https:\/\/kochstrasse.agency\/neuro-employer-branding\/wp-json\/wp\/v2\/users\/1"}],"replies":[{"embeddable":true,"href":"https:\/\/kochstrasse.agency\/neuro-employer-branding\/wp-json\/wp\/v2\/comments?post=506"}],"version-history":[{"count":43,"href":"https:\/\/kochstrasse.agency\/neuro-employer-branding\/wp-json\/wp\/v2\/pages\/506\/revisions"}],"predecessor-version":[{"id":747,"href":"https:\/\/kochstrasse.agency\/neuro-employer-branding\/wp-json\/wp\/v2\/pages\/506\/revisions\/747"}],"wp:attachment":[{"href":"https:\/\/kochstrasse.agency\/neuro-employer-branding\/wp-json\/wp\/v2\/media?parent=506"}],"curies":[{"name":"wp","href":"https:\/\/api.w.org\/{rel}","templated":true}]}}